{"id":1995,"date":"2016-04-28T17:47:04","date_gmt":"2016-04-28T14:47:04","guid":{"rendered":"http:\/\/www.legaldenetim.com\/?page_id=1995"},"modified":"2016-04-28T18:05:06","modified_gmt":"2016-04-28T15:05:06","slug":"2015-seffaflik-raporu","status":"publish","type":"page","link":"https:\/\/www.legaldenetim.com\/index.php\/seffaflik-raporu\/2015-seffaflik-raporu\/","title":{"rendered":"2015 \u015eeffafl\u0131k Raporu"},"content":{"rendered":"<p>2015 y\u0131l\u0131 \u015feffafl\u0131k raporunu a\u015fa\u011f\u0131daki ba\u011flant\u0131ya t\u0131klayarak g\u00f6r\u00fcnt\u00fcleyebilir, sa\u011f t\u0131klay\u0131p Ba\u011flant\u0131y\u0131 Farkl\u0131 Kaydet se\u00e7ene\u011fi ile bilgisayar\u0131n\u0131za kaydedebilirsiniz.<\/p>\n<p><a href=\"http:\/\/www.legaldenetim.com\/dosyalar\/LEGAL-BA\u011eIMSIZ-DENET\u0130M-YMM-A.\u015e.-2015-YILI-\u015eEFFAFLIK-RAPORU.pdf\">LEGAL BA\u011eIMSIZ DENET\u0130M YMM A.\u015e. 2015 YILI \u015eEFFAFLIK RAPORU<\/a><\/p>\n","protected":false},"excerpt":{"rendered":"<p>2015 y\u0131l\u0131 \u015feffafl\u0131k raporunu a\u015fa\u011f\u0131daki ba\u011flant\u0131ya t\u0131klayarak g\u00f6r\u00fcnt\u00fcleyebilir, sa\u011f t\u0131klay\u0131p Ba\u011flant\u0131y\u0131 Farkl\u0131 Kaydet se\u00e7ene\u011fi ile bilgisayar\u0131n\u0131za kaydedebilirsiniz. LEGAL BA\u011eIMSIZ DENET\u0130M YMM A.\u015e. 2015 YILI \u015eEFFAFLIK RAPORU<\/p>\n","protected":false},"author":2,"featured_media":0,"parent":1681,"menu_order":0,"comment_status":"closed","ping_status":"closed","template":"","meta":{"footnotes":""},"class_list":["post-1995","page","type-page","status-publish","hentry"],"_links":{"self":[{"href":"https:\/\/www.legaldenetim.com\/index.php\/wp-json\/wp\/v2\/pages\/1995","targetHints":{"allow":["GET"]}}],"collection":[{"href":"https:\/\/www.legaldenetim.com\/index.php\/wp-json\/wp\/v2\/pages"}],"about":[{"href":"https:\/\/www.legaldenetim.com\/index.php\/wp-json\/wp\/v2\/types\/page"}],"author":[{"embeddable":true,"href":"https:\/\/www.legaldenetim.com\/index.php\/wp-json\/wp\/v2\/users\/2"}],"replies":[{"embeddable":true,"href":"https:\/\/www.legaldenetim.com\/index.php\/wp-json\/wp\/v2\/comments?post=1995"}],"version-history":[{"count":2,"href":"https:\/\/www.legaldenetim.com\/index.php\/wp-json\/wp\/v2\/pages\/1995\/revisions"}],"predecessor-version":[{"id":2024,"href":"https:\/\/www.legaldenetim.com\/index.php\/wp-json\/wp\/v2\/pages\/1995\/revisions\/2024"}],"up":[{"embeddable":true,"href":"https:\/\/www.legaldenetim.com\/index.php\/wp-json\/wp\/v2\/pages\/1681"}],"wp:attachment":[{"href":"https:\/\/www.legaldenetim.com\/index.php\/wp-json\/wp\/v2\/media?parent=1995"}],"curies":[{"name":"wp","href":"https:\/\/api.w.org\/{rel}","templated":true}]}}