{"id":47,"date":"2011-03-03T12:23:00","date_gmt":"2011-03-03T12:23:00","guid":{"rendered":"http:\/\/legalyonet.com\/?page_id=47"},"modified":"2014-03-24T12:58:07","modified_gmt":"2014-03-24T10:58:07","slug":"iletisim","status":"publish","type":"page","link":"https:\/\/www.legaldenetim.com\/index.php\/iletisim\/","title":{"rendered":"\u0130LET\u0130\u015e\u0130M"},"content":{"rendered":"<p><strong><img loading=\"lazy\" decoding=\"async\" class=\"alignright\" alt=\"\" src=\"\/english\/digerbolumler.jpg\" width=\"220\" height=\"148\" \/><\/strong><\/p>\n<p>&nbsp;<\/p>\n<p style=\"padding-left: 30px;\"><strong>\u0130STANBUL &#8211; MERKEZ OF\u0130S:<\/strong><\/p>\n<p style=\"text-align: left; padding-left: 30px;\"><strong>Adres:<\/strong> Cemal Sahir Sokak Profilo Plaza\u00a0C Blok\u00a0 No:26-28 34437 Mecidiyek\u00f6y \/ \u015ei\u015fli \/ \u0130stanbul<\/p>\n<p style=\"text-align: left; padding-left: 30px;\"><strong>Telefon:<\/strong> +90 212 274 60 66<\/p>\n<p style=\"padding-left: 30px;\"><strong>Faks:<\/strong> +90 212 267 23 15<\/p>\n<p style=\"padding-left: 30px;\"><strong>E-posta:<\/strong> <a href=\"mailto:legal@legalyonet.com\">legal@legaldenetim.com<\/a><\/p>\n<p>&nbsp;<\/p>\n","protected":false},"excerpt":{"rendered":"<p>&nbsp; \u0130STANBUL &#8211; MERKEZ OF\u0130S: Adres: Cemal Sahir Sokak Profilo Plaza\u00a0C Blok\u00a0 No:26-28 34437 Mecidiyek\u00f6y \/ \u015ei\u015fli \/ \u0130stanbul Telefon: +90 212 274 60 66 Faks: +90 212 267 23 15 E-posta: legal@legaldenetim.com &nbsp;<\/p>\n","protected":false},"author":1,"featured_media":0,"parent":0,"menu_order":5,"comment_status":"closed","ping_status":"closed","template":"","meta":{"footnotes":""},"class_list":["post-47","page","type-page","status-publish","hentry"],"_links":{"self":[{"href":"https:\/\/www.legaldenetim.com\/index.php\/wp-json\/wp\/v2\/pages\/47","targetHints":{"allow":["GET"]}}],"collection":[{"href":"https:\/\/www.legaldenetim.com\/index.php\/wp-json\/wp\/v2\/pages"}],"about":[{"href":"https:\/\/www.legaldenetim.com\/index.php\/wp-json\/wp\/v2\/types\/page"}],"author":[{"embeddable":true,"href":"https:\/\/www.legaldenetim.com\/index.php\/wp-json\/wp\/v2\/users\/1"}],"replies":[{"embeddable":true,"href":"https:\/\/www.legaldenetim.com\/index.php\/wp-json\/wp\/v2\/comments?post=47"}],"version-history":[{"count":5,"href":"https:\/\/www.legaldenetim.com\/index.php\/wp-json\/wp\/v2\/pages\/47\/revisions"}],"predecessor-version":[{"id":1677,"href":"https:\/\/www.legaldenetim.com\/index.php\/wp-json\/wp\/v2\/pages\/47\/revisions\/1677"}],"wp:attachment":[{"href":"https:\/\/www.legaldenetim.com\/index.php\/wp-json\/wp\/v2\/media?parent=47"}],"curies":[{"name":"wp","href":"https:\/\/api.w.org\/{rel}","templated":true}]}}